{"id":11,"date":"2026-02-06T07:55:11","date_gmt":"2026-02-06T07:55:11","guid":{"rendered":"https:\/\/llq.vn\/vi\/?page_id=11"},"modified":"2026-02-26T09:22:05","modified_gmt":"2026-02-26T09:22:05","slug":"tin-hoat-dong","status":"publish","type":"page","link":"https:\/\/llq.vn\/vi\/tin-hoat-dong\/","title":{"rendered":"Tin ho\u1ea1t \u0111\u1ed9ng"},"content":{"rendered":"\t\t<div data-elementor-type=\"wp-page\" data-elementor-id=\"11\" class=\"elementor elementor-11\">\n\t\t\t\t<div class=\"elementor-element elementor-element-b575f5e e-flex e-con-boxed e-con e-parent\" data-id=\"b575f5e\" data-element_type=\"container\">\n\t\t\t\t\t<div class=\"e-con-inner\">\n\t\t\t\t<div class=\"elementor-element elementor-element-6a596b5 elementor-widget elementor-widget-llq_news_box\" data-id=\"6a596b5\" data-element_type=\"widget\" data-widget_type=\"llq_news_box.default\">\n\t\t\t\t<div class=\"elementor-widget-container\">\n\t\t\t\t\t        <link rel=\"stylesheet\" href=\"https:\/\/llq.vn\/vi\/wp-content\/themes\/llq-theme-vi\/assets\/css-tin-tuc\/news.css\" \/>\n        <div class=\"banner__base news_full\">\n            <div class=\"base_layout\">\n            <nav\n                style=\"--bs-breadcrumb-divider: '>'\"\n                class=\"base-margin base-breadcrumb\"\n                aria-label=\"breadcrumb\">\n                <ol class=\"breadcrumb\">\n                <li\n                    class=\"breadcrumb-item breadcrumb-link font-Regular active\">\n                    <a href=\"#\" class=\"text-decoration-none\"> Trang ch\u1ee7<\/a>\n                <\/li>\n                <li\n                    class=\"breadcrumb-item active breadcrumb-link font-Regular text-black\"\n                    aria-current=\"page\">\n                    Tin ho\u1ea1t \u0111\u1ed9ng                <\/li>\n                <\/ol>\n            <\/nav>\n            <\/div>\n            <div class=\"content-news base_layout\">\n        \n        <div class=\"content-detail-news\">                \n                        <div class=\"content-large\">\n                            <div class=\"img_LG\">\n                            <img decoding=\"async\" src=\"https:\/\/llq.vn\/vi\/wp-content\/uploads\/sites\/3\/2026\/02\/llq-yep-2026-1.jpg\" loading=\"lazy\" alt=\"\ud83d\udce3  TH\u00d4NG B\u00c1O CH\u00cdNH TH\u1ee8C: TI\u1ec6C CU\u1ed0I N\u0102M &#038; CHUY\u1ebeN \u0110I C\u00d4NG TY 2025 CH\u1ee6 \u0110\u1ec0: &#8220;CAM K\u1ebeT 2025 &#8211; TRI\u1ec2N KHAI 2026&#8221;\">                            <\/div>\n                            <div class=\"information\">\n                              \n                              \n                              <div class=\"detail-information\">\n                                  <a href=\"https:\/\/llq.vn\/vi\/blog\/tin-hoat-dong\/thong-bao-chinh-thuc-tiec-cuoi-nam-chuyen-di-cong-ty-2025-chu-de-cam-ket-2025-trien-khai-2026\/\" class=\"font-Regular\">\n                                  <h3>\ud83d\udce3  TH\u00d4NG B\u00c1O CH\u00cdNH TH\u1ee8C: TI\u1ec6C CU\u1ed0I N\u0102M &#038; CHUY\u1ebeN \u0110I C\u00d4NG TY 2025 CH\u1ee6 \u0110\u1ec0: &#8220;CAM K\u1ebeT 2025 &#8211; TRI\u1ec2N KHAI 2026&#8221;<h3>\n                                  <\/a>\n                                  <p class=\"font-Regular\">\n                                  K\u00ednh g\u1eedi \u0111\u1ea1i gia \u0111\u00ecnh LLQ SOFTWARE SERVICES, \u23f3 N\u0103m 2025 s\u1eafp kh\u00e9p l\u1ea1i. Nh\u00ecn l\u1ea1i ch\u1eb7ng \u0111\u01b0\u1eddng \u0111\u00e3 qua,&hellip;                                  <\/p>\n                              <\/div>\n                              <div class=\"btn-container\">\n                                  <a href=\"https:\/\/llq.vn\/vi\/blog\/tin-hoat-dong\/thong-bao-chinh-thuc-tiec-cuoi-nam-chuyen-di-cong-ty-2025-chu-de-cam-ket-2025-trien-khai-2026\/\" class=\"btn base-button-link \">\n                                  <span class=\"font-SemiBold\">\u0110\u1ecdc ti\u1ebfp<\/span><i\n                                      class=\"fa-solid fa-arrow-right base-btn-icon ms-2\"><\/i>\n                                  <\/a>\n                              <\/div>\n                            <\/div>\n                        <\/div>\n                                \n                                                <div class=\"content-small row\">\n                                                   \n                        <div class=\"item-small-content col-md-4 col-12\">\n                            <div class=\"img_LG\">\n                            <img decoding=\"async\" src=\"https:\/\/llq.vn\/vi\/wp-content\/uploads\/sites\/3\/2026\/02\/z7229049515273_9fdfb2567b7a8611f4c85f7b17f59d1f-e1769401639197.jpg\" loading=\"lazy\" alt=\"C\u00f4ng ty ph\u1ea7n m\u1ec1m L\u1ea1c Long Qu\u00e2n ch\u00ednh th\u1ee9c chuy\u1ec3n \u0111\u1ebfn tr\u1ee5 s\u1edf m\u1edbi: M\u1edf r\u1ed9ng quy m\u00f4 \u2013 N\u00e2ng t\u1ea7m v\u1ecb th\u1ebf\">                            <\/div>\n                            <div class=\"information\">\n                               \n                                \n                                <div class=\"detail-information\">\n                                <a href=\"https:\/\/llq.vn\/vi\/blog\/tin-hoat-dong\/cong-ty-phan-mem-lac-long-quan-chinh-thuc-chuyen-den-tru-so-moi-mo-rong-quy-mo-nang-tam-vi-the\/\" class=\"font-Regular\">\n\t\t\t\t\t\t\t\t\t<h3>C\u00f4ng ty ph\u1ea7n m\u1ec1m L\u1ea1c Long Qu\u00e2n ch\u00ednh th\u1ee9c chuy\u1ec3n \u0111\u1ebfn tr\u1ee5 s\u1edf m\u1edbi: M\u1edf r\u1ed9ng quy m\u00f4 \u2013 N\u00e2ng t\u1ea7m v\u1ecb th\u1ebf<\/h3>\n                                <\/a>\n                                <p class=\"font-Regular\">\n                                \u00a0 \u00a0 \u0110\u00e1nh d\u1ea5u c\u1ed9t m\u1ed1c t\u0103ng tr\u01b0\u1edfng v\u01b0\u1ee3t b\u1eadc v\u1ec1 nh\u00e2n s\u1ef1 v\u00e0 kh\u1ed1i l\u01b0\u1ee3ng d\u1ef1 \u00e1n, C\u00f4ng ty&hellip;                                <\/p>\n                                <\/div>\n                                <div class=\"btn-container\">\n                                <a href=\"https:\/\/llq.vn\/vi\/blog\/tin-hoat-dong\/cong-ty-phan-mem-lac-long-quan-chinh-thuc-chuyen-den-tru-so-moi-mo-rong-quy-mo-nang-tam-vi-the\/\" class=\"btn base-button-link\">\n                                    <span class=\"font-SemiBold\">\u0110\u1ecdc ti\u1ebfp<\/span><i\n                                    class=\"fa-solid fa-arrow-right base-btn-icon ms-2\"><\/i>\n                                <\/a>\n                                <\/div>\n                            <\/div>\n                        <\/div>\n                        \n                                                    <\/div>\n                            <\/div>             <div class=\"d-flex justify-content-center\">\n             <nav aria-label=\"Page navigation\" class=\"page--custom\">\n             <ul class=\"pagination page--custom__list\">\n                            <\/ul>\n            <\/nav>\n            <\/div>\n                    <\/div> \n        <\/div>\n       \n        \t\t\t\t<\/div>\n\t\t\t\t<\/div>\n\t\t\t\t\t<\/div>\n\t\t\t\t<\/div>\n\t\t\t\t<\/div>\n\t\t","protected":false},"excerpt":{"rendered":"<p>&#8216;&#8221; aria-label=&#8221;breadcrumb&#8221;&gt; Trang ch\u1ee7 Tin ho\u1ea1t \u0111\u1ed9ng \ud83d\udce3 TH\u00d4NG B\u00c1O CH\u00cdNH TH\u1ee8C: TI\u1ec6C CU\u1ed0I N\u0102M &amp; CHUY\u1ebeN \u0110I C\u00d4NG TY 2025 CH\u1ee6 \u0110\u1ec0: \u201cCAM K\u1ebeT 2025 \u2013 TRI\u1ec2N KHAI 2026\u201d K\u00ednh g\u1eedi \u0111\u1ea1i gia \u0111\u00ecnh LLQ SOFTWARE SERVICES, \u23f3 N\u0103m 2025 s\u1eafp kh\u00e9p l\u1ea1i. Nh\u00ecn l\u1ea1i ch\u1eb7ng \u0111\u01b0\u1eddng \u0111\u00e3 qua,\u2026 \u0110\u1ecdc ti\u1ebfp C\u00f4ng ty ph\u1ea7n [&hellip;]<\/p>\n","protected":false},"author":1,"featured_media":0,"parent":0,"menu_order":0,"comment_status":"closed","ping_status":"closed","template":"","meta":{"footnotes":""},"class_list":["post-11","page","type-page","status-publish","hentry"],"_links":{"self":[{"href":"https:\/\/llq.vn\/vi\/wp-json\/wp\/v2\/pages\/11","targetHints":{"allow":["GET"]}}],"collection":[{"href":"https:\/\/llq.vn\/vi\/wp-json\/wp\/v2\/pages"}],"about":[{"href":"https:\/\/llq.vn\/vi\/wp-json\/wp\/v2\/types\/page"}],"author":[{"embeddable":true,"href":"https:\/\/llq.vn\/vi\/wp-json\/wp\/v2\/users\/1"}],"replies":[{"embeddable":true,"href":"https:\/\/llq.vn\/vi\/wp-json\/wp\/v2\/comments?post=11"}],"version-history":[{"count":14,"href":"https:\/\/llq.vn\/vi\/wp-json\/wp\/v2\/pages\/11\/revisions"}],"predecessor-version":[{"id":439,"href":"https:\/\/llq.vn\/vi\/wp-json\/wp\/v2\/pages\/11\/revisions\/439"}],"wp:attachment":[{"href":"https:\/\/llq.vn\/vi\/wp-json\/wp\/v2\/media?parent=11"}],"curies":[{"name":"wp","href":"https:\/\/api.w.org\/{rel}","templated":true}]}}