{"id":15,"date":"2026-02-06T07:55:58","date_gmt":"2026-02-06T07:55:58","guid":{"rendered":"https:\/\/llq.vn\/vi\/?page_id=15"},"modified":"2026-03-04T00:52:49","modified_gmt":"2026-03-04T00:52:49","slug":"tuyen-dung","status":"publish","type":"page","link":"https:\/\/llq.vn\/vi\/tuyen-dung\/","title":{"rendered":"Tuy\u1ec3n d\u1ee5ng"},"content":{"rendered":"\t\t<div data-elementor-type=\"wp-page\" data-elementor-id=\"15\" class=\"elementor elementor-15\">\n\t\t\t\t<div class=\"elementor-element elementor-element-470afee e-flex e-con-boxed e-con e-parent\" data-id=\"470afee\" data-element_type=\"container\">\n\t\t\t\t\t<div class=\"e-con-inner\">\n\t\t\t\t<div class=\"elementor-element elementor-element-b1d6dae elementor-widget elementor-widget-llq_recruit_box\" data-id=\"b1d6dae\" data-element_type=\"widget\" data-widget_type=\"llq_recruit_box.default\">\n\t\t\t\t<div class=\"elementor-widget-container\">\n\t\t\t\t\t\n    <div class=\"banner__base\">\n      <div class=\"base_layout\">\n        <div class=\"base-margin\">\n          <nav\n            style=\"--bs-breadcrumb-divider: '>'\"\n            class=\"base-breadcrumb\"\n            aria-label=\"breadcrumb\">\n            <ol class=\"breadcrumb\">\n              <li\n                class=\"breadcrumb-item breadcrumb-link font-Regular  active\">\n                <a href=\"\/\" class=\"text-decoration-none\"> Trang ch\u1ee7                <\/a>\n              <\/li>\n              <li\n                class=\"breadcrumb-item active breadcrumb-link font-Regular text-black\"\n                aria-current=\"page\">\n                Tuy\u1ec3n d\u1ee5ng\n              <\/li>\n            <\/ol>\n          <\/nav>\n        <\/div>\n      <\/div>\n      <div class=\"base_layout\">\n        <div class=\"base-margin\">\n          <div class=\"banner__base__global d-flex\">\n            <div class=\"banner__base__header__left\">\n              <h1\n                class=\"banner__base__title title-base-2 font-SemiBold fw-semibold\">\n                <span class=\"banner__color font-SemiBold\">B\u1eaft \u0111\u1ea7u h\u00e0nh tr\u00ecnh c\u1ee7a b\u1ea1n c\u00f9ng v\u1edbi<\/span>\n                ch\u00fang t\u00f4i                <\/h2>\n                <div class=\"banner__base__description text-desc font-Regular\">\n                  Ch\u00fang t\u00f4i kh\u00f4ng ch\u1ec9 x\u00e2y d\u1ef1ng ph\u1ea7n m\u1ec1m; ch\u00fang t\u00f4i ki\u1ebfn \u200b\u200bt\u1ea1o t\u01b0\u01a1ng lai. H\u00e3y gia nh\u1eadp \u0111\u1ed9i ng\u0169 ti\u00ean phong c\u1ee7a ch\u00fang t\u00f4i v\u00e0 c\u00f9ng nhau chinh ph\u1ee5c nh\u1eefng \u0111\u1ec9nh cao c\u00f4ng ngh\u1ec7 m\u1edbi.                <\/div>\n                <div class=\"banner__base__btn\">\n                  <a href=\"\/vi\/lien-he\" class=\"btn base-button\">\n                    <span class=\"text-uppercase text-white fw-bold font-Bold\">Li\u00ean h\u1ec7 ch\u00fang t\u00f4i<\/span>\n                    <img decoding=\"async\" src=\"https:\/\/llq.vn\/vi\/wp-content\/themes\/llq-theme-vi\/assets\/svg\/contact.svg\" class=\"ms-2\" alt=\"\" \/>\n                  <\/a>\n                <\/div>\n            <\/div>\n            <div\n              class=\"banner__base__header__right\">\n              <img decoding=\"async\" src=\"https:\/\/llq.vn\/vi\/wp-content\/themes\/llq-theme-vi\/assets\/img\/banner\/img__banner__recruit.jpg\" class=\"img-fluid\" alt=\"banner\" \/>\n            <\/div>\n          <\/div>\n        <\/div>\n      <\/div>\n    <\/div>\n    <div class=\"__culture\">\n      <div class=\"base_layout\">\n        <div class=\"base-margin\">\n          <div class=\"__culture__header d-flex\">\n            <h2\n              class=\"__culture__title title-base-2 font-SemiBold fw-semibold\">\n              Truy\u1ec1n th\u1ed1ng v\u0103n ho\u00e1            <\/h2>\n            <div class=\"__culture__description text-desc-2 font-Regular\">\n              T\u1ea1i LLQ Software, m\u1ed7i th\u00e0nh vi\u00ean \u0111\u1ec1u l\u00e0 m\u1ed9t m\u1ea3nh gh\u00e9p quan tr\u1ecdng. Ch\u00fang t\u00f4i x\u00e2y d\u1ef1ng m\u1ed9t m\u00f4i tr\u01b0\u1eddng n\u01a1i t\u00e0i n\u0103ng \u0111\u01b0\u1ee3c tr\u00e2n tr\u1ecdng, s\u1ef1 s\u00e1ng t\u1ea1o \u0111\u01b0\u1ee3c khuy\u1ebfn kh\u00edch v\u00e0 tinh th\u1ea7n \u0111\u1ed3ng \u0111\u1ed9i l\u00e0 s\u1ee9c m\u1ea1nh b\u1ea5t kh\u1ea3 chi\u1ebfn b\u1ea1i c\u1ee7a ch\u00fang t\u00f4i.            <\/div>\n          <\/div>\n          <div class=\"__culture__content\">\n            <div class=\"__culture__item base_block\">\n              <div class=\"__culture__item__img\">\n                <img decoding=\"async\"\n                  src=\"https:\/\/llq.vn\/vi\/wp-content\/themes\/llq-theme-vi\/assets\/svg\/star_badge.svg\"\n                  alt=\"anh box 1\"\n                  class=\"img-fluid\" \/>\n              <\/div>\n              <div class=\"__culture__item__content\">\n                <h3\n                  class=\"__culture__item__title font-SemiBold fs-4 fw-semibold\">\n                  S\u1ef1 \u0111\u1ed5i m\u1edbi                <\/h3>\n                <div class=\"__culture__item__description font-Regular\">\n                  Lu\u00f4n \u0111\u1ed5i m\u1edbi t\u01b0 duy v\u00e0 c\u1eadp nh\u1eadt nh\u1eefng xu h\u01b0\u1edbng c\u00f4ng ngh\u1ec7 m\u1edbi nh\u1ea5t (Tr\u00ed tu\u1ec7 nh\u00e2n t\u1ea1o, \u0110i\u1ec7n to\u00e1n \u0111\u00e1m m\u00e2y, D\u1eef li\u1ec7u l\u1edbn) \u0111\u1ec3 cung c\u1ea5p c\u00e1c gi\u1ea3i ph\u00e1p t\u1ed1i \u01b0u cho kh\u00e1ch h\u00e0ng.                <\/div>\n              <\/div>\n            <\/div>\n            <div class=\"__culture__item base_block\">\n              <div class=\"__culture__item__img\">\n                <img decoding=\"async\"\n                  src=\"https:\/\/llq.vn\/vi\/wp-content\/themes\/llq-theme-vi\/assets\/svg\/star_badge.svg\"\n                  alt=\"anh box 2\"\n                  class=\"img-fluid\" \/>\n              <\/div>\n              <div class=\"__culture__item__content\">\n                <h3\n                  class=\"__culture__item__title font-SemiBold fs-4 fw-semibold\">\n                  \u0110o\u00e0n k\u1ebft                <\/h3>\n                <div class=\"__culture__item__description font-Regular\">\n                  Gi\u1ed1ng nh\u01b0 truy\u1ec1n thuy\u1ebft &quot;tr\u0103m qu\u1ea3 tr\u1ee9ng&quot;, ch\u00fang t\u00f4i \u0111\u1ed1i x\u1eed v\u1edbi nhau nh\u01b0 ng\u01b0\u1eddi th\u00e2n trong gia \u0111\u00ecnh. H\u1ed7 tr\u1ee3, chia s\u1ebb v\u00e0 c\u00f9ng nhau ph\u00e1t tri\u1ec3n l\u00e0 nh\u1eefng nguy\u00ean t\u1eafc ch\u1ec9 \u0111\u1ea1o trong m\u1ecdi ho\u1ea1t \u0111\u1ed9ng c\u1ee7a ch\u00fang t\u00f4i.                <\/div>\n              <\/div>\n            <\/div>\n            <div class=\"__culture__item base_block\">\n              <div class=\"__culture__item__img\">\n                <img decoding=\"async\"\n                  src=\"https:\/\/llq.vn\/vi\/wp-content\/themes\/llq-theme-vi\/assets\/svg\/star_badge.svg\"\n                  alt=\"anh box 3\"\n                  class=\"img-fluid\" \/>\n              <\/div>\n              <div class=\"__culture__item__content\">\n                <h3\n                  class=\"__culture__item__title font-SemiBold fs-4 fw-semibold\">\n                  Uy t\u00edn v\u00e0 ch\u1ea5t l\u01b0\u1ee3ng                <\/h3>\n                <div class=\"__culture__item__description font-Regular\">\n                  \u01afu ti\u00ean ch\u1ea5t l\u01b0\u1ee3ng s\u1ea3n ph\u1ea9m v\u00e0 s\u1ef1 h\u00e0i l\u00f2ng c\u1ee7a kh\u00e1ch h\u00e0ng l\u00ean h\u00e0ng \u0111\u1ea7u. L\u00e0m vi\u1ec7c v\u1edbi tinh th\u1ea7n tr\u00e1ch nhi\u1ec7m v\u00e0 li\u00eam ch\u00ednh cao nh\u1ea5t.                <\/div>\n              <\/div>\n            <\/div>\n          <\/div>\n        <\/div>\n      <\/div>\n    <\/div>\n\n    <div class=\"__work_position-bg\">\n      <div class=\"__work_position\">\n        <div class=\"base_layout\">\n          <div class=\"base-margin\">\n            <div class=\"__work_position_global\">\n              <div class=\"__work_position__header fw-semibold font-SemiBold fs-1\">\n                <h2 class=\"title-base-2 font-SemiBold fw-semibold\">\n                  C\u01a1 h\u1ed9i ngh\u1ec1 nghi\u1ec7p\n                <\/h2>\n                <p class=\"text-desc-2 font-Regular\">\n                  H\u00e3y gia nh\u1eadp \u0111\u1ed9i ng\u0169 ph\u00e1t tri\u1ec3n s\u1ea3n ph\u1ea9m c\u00f4ng ngh\u1ec7 ch\u1ea5t l\u01b0\u1ee3ng cao c\u1ee7a ch\u00fang t\u00f4i.                <\/p>\n              <\/div>\n\n              <div class=\"__work_position__list\">\n                \n                                                      <!-- Item c\u00f4ng vi\u1ec7c -->\n                    <div class=\"__work_position__item \">\n                      <div class=\"__work_position__info\">\n\n\n                        <h3 class=\"title-base-lg __work_position__info__title fw-semibold font-SemiBold\">\n                          Th\u1ef1c t\u1eadp sinh T\u1ef1 \u0111\u1ed9ng h\u00f3a Ki\u1ec3m th\u1eed Ch\u1ea5t l\u01b0\u1ee3ng                        <\/h3>\n\n                        <div class=\"__work_position__info__description\">\n                          <div class=\"__work_position_element\">\n                            <div class=\"text-desc-2 font-Regular\">\n                              \ud83d\udccd h\u00e0 n\u1ed9i                            <\/div>\n                          <\/div>\n\n                          <div class=\"__work_position_element\">\n                            <div class=\"text-desc-2 font-Regular\">\n                              \ud83d\udcb0 c\u1ea1nh tranh                            <\/div>\n                          <\/div>\n\n                          <div class=\"__work_position_element\">\n                            <div class=\"text-desc-2 font-Regular\">\n                              \ud83d\udc65 9                            <\/div>\n                          <\/div>\n\n                          <div class=\"__work_position_element\">\n                                                          <div class=\"text-desc-2 font-Regular\">\n                                \ud83d\udcc5 31\/12\/2026                              <\/div>\n                                                      <\/div>\n                        <\/div>\n                      <\/div>\n                      <div class=\"base-button __work_position__btn\">\n\n                        <a href=\"https:\/\/llq.vn\/vi\/tuyen-dung\/thuc-tap-sinh-tu-dong-hoa-kiem-thu-chat-luong\"\n                          class=\"text-decoration-none\">\n                          <span class=\"fw-semibold font-SemiBold text-uppercase\">\n                            Xem chi ti\u1ebft                          <\/span>\n                          <img decoding=\"async\" class=\"ms-2\" src=\"https:\/\/llq.vn\/vi\/wp-content\/themes\/llq-theme-vi\/assets\/svg\/contact.svg\" alt=\"\" \/>\n                        <\/a>\n                      <\/div>\n                    <\/div>\n                                      <!-- Item c\u00f4ng vi\u1ec7c -->\n                    <div class=\"__work_position__item \">\n                      <div class=\"__work_position__info\">\n\n\n                        <h3 class=\"title-base-lg __work_position__info__title fw-semibold font-SemiBold\">\n                          Th\u1ef1c t\u1eadp sinh Java                        <\/h3>\n\n                        <div class=\"__work_position__info__description\">\n                          <div class=\"__work_position_element\">\n                            <div class=\"text-desc-2 font-Regular\">\n                              \ud83d\udccd h\u00e0 n\u1ed9i                            <\/div>\n                          <\/div>\n\n                          <div class=\"__work_position_element\">\n                            <div class=\"text-desc-2 font-Regular\">\n                              \ud83d\udcb0 c\u1ea1nh tranh                            <\/div>\n                          <\/div>\n\n                          <div class=\"__work_position_element\">\n                            <div class=\"text-desc-2 font-Regular\">\n                              \ud83d\udc65 7                            <\/div>\n                          <\/div>\n\n                          <div class=\"__work_position_element\">\n                                                          <div class=\"text-desc-2 font-Regular\">\n                                \ud83d\udcc5 31\/12\/2026                              <\/div>\n                                                      <\/div>\n                        <\/div>\n                      <\/div>\n                      <div class=\"base-button __work_position__btn\">\n\n                        <a href=\"https:\/\/llq.vn\/vi\/tuyen-dung\/lap-trinh-vien-java\"\n                          class=\"text-decoration-none\">\n                          <span class=\"fw-semibold font-SemiBold text-uppercase\">\n                            Xem chi ti\u1ebft                          <\/span>\n                          <img decoding=\"async\" class=\"ms-2\" src=\"https:\/\/llq.vn\/vi\/wp-content\/themes\/llq-theme-vi\/assets\/svg\/contact.svg\" alt=\"\" \/>\n                        <\/a>\n                      <\/div>\n                    <\/div>\n                                                <\/div>\n            <\/div>\n          <\/div>\n        <\/div>\n      <\/div>\n    <\/div>\n\n    <div class=\"base_layout\">\n      <div class=\"base-margin\">\n        <div class=\"__treat\">\n          <div class=\"__treat__global d-flex\">\n            <div class=\"__treat__left\">\n              <img decoding=\"async\" src=\"https:\/\/llq.vn\/vi\/wp-content\/themes\/llq-theme-vi\/assets\/img\/treat\/person.png\" alt=\"anh chinh sach\" class=\"img-fluid\" \/>\n            <\/div>\n            <div class=\"__treat__right\">\n              <h2 class=\"__treat__title title-base-2 font-SemiBold fw-semibold\">\n                Quy\u1ec1n l\u1ee3i v\u00e0 \u01b0u \u0111\u00e3i              <\/h2>\n              <div class=\"__treat__list\">\n                \n                    <div class=\"__treat__item\">\n                      <div class=\"__treat__item__number fw-semibold font-Italic\">\n\n                        01                      <\/div>\n                      <div class=\"__treat__item__info\">\n                        <h3\n                          class=\"__treat__item__info__title title-base-lg font-SemiBold fw-semibold\">\n                          Thu nh\u1eadp h\u1ea5p d\u1eabn                        <\/h3>\n                        <div\n                          class=\"text-desc-2 font-Regular\">\n                          M\u1ee9c l\u01b0\u01a1ng c\u1ea1nh tranh, th\u01b0\u1edfng d\u1ef1 \u00e1n v\u00e0 l\u01b0\u01a1ng th\u00e1ng th\u1ee9 13.                        <\/div>\n                      <\/div>\n                    <\/div>\n                    <hr class=\"base_hr __treat_hr\" \/>\n                  \n                    <div class=\"__treat__item\">\n                      <div class=\"__treat__item__number fw-semibold font-Italic\">\n\n                        02                      <\/div>\n                      <div class=\"__treat__item__info\">\n                        <h3\n                          class=\"__treat__item__info__title title-base-lg font-SemiBold fw-semibold\">\n                          L\u01b0\u01a1ng h\u00e0ng n\u0103m                        <\/h3>\n                        <div\n                          class=\"text-desc-2 font-Regular\">\n                          M\u1ee9c l\u01b0\u01a1ng s\u1ebd \u0111\u01b0\u1ee3c \u0111i\u1ec1u ch\u1ec9nh t\u0103ng h\u00e0ng n\u0103m theo ch\u00ednh s\u00e1ch c\u1ee7a T\u1eadp \u0111o\u00e0n.                        <\/div>\n                      <\/div>\n                    <\/div>\n                    <hr class=\"base_hr __treat_hr\" \/>\n                  \n                    <div class=\"__treat__item\">\n                      <div class=\"__treat__item__number fw-semibold font-Italic\">\n\n                        03                      <\/div>\n                      <div class=\"__treat__item__info\">\n                        <h3\n                          class=\"__treat__item__info__title title-base-lg font-SemiBold fw-semibold\">\n                          V\u0103n h\u00f3a c\u00f4ng ty                        <\/h3>\n                        <div\n                          class=\"text-desc-2 font-Regular\">\n                          Ghi nh\u1eadn v\u00e0 t\u00f4n vinh th\u00e0nh t\u00edch, l\u1eafng nghe ph\u1ea3n h\u1ed3i c\u1ee7a nh\u00e2n vi\u00ean, khuy\u1ebfn kh\u00edch tinh th\u1ea7n \u0111\u1ed3ng \u0111\u1ed9i, t\u1ed5 ch\u1ee9c c\u00e1c s\u1ef1 ki\u1ec7n x\u00e2y d\u1ef1ng \u0111\u1ed9i nh\u00f3m.                        <\/div>\n                      <\/div>\n                    <\/div>\n                    <hr class=\"base_hr __treat_hr\" \/>\n                                  \n\n              <\/div>\n            <\/div>\n          <\/div>\n        <\/div>\n      <\/div>\n    <\/div>\n\n    <div class=\"__our_active\">\n      <div class=\"base_layout\">\n        <div class=\"base-margin\">\n          <div\n            class=\"__our_active__header d-flex flex-wrap justify-content-between align-items-center\">\n            <h2\n              class=\"__our_active__title title-base-2 font-SemiBold fw-semibold\">\n              C\u00e1c ho\u1ea1t \u0111\u1ed9ng c\u1ee7a c\u00f4ng ty            <\/h2>\n            <div class=\"__our_active__description text-desc font-Regular\">\n              L\u00e0m vi\u1ec7c h\u1ebft m\u00ecnh, vui ch\u01a1i h\u1ebft m\u00ecnh! B\u00ean c\u1ea1nh nh\u1eefng bu\u1ed5i l\u1eadp tr\u00ecnh c\u0103ng th\u1eb3ng, ch\u00fang t\u00f4i c\u00f2n c\u00f3 nh\u1eefng chuy\u1ebfn \u0111i x\u00e2y d\u1ef1ng tinh th\u1ea7n \u0111\u1ed3ng \u0111\u1ed9i s\u00f4i n\u1ed5i, c\u00e1c gi\u1ea3i \u0111\u1ea5u th\u1ec3 thao h\u1ea5p d\u1eabn v\u00e0 nh\u1eefng b\u1eefa ti\u1ec7c Happy Hour tr\u00e0n ng\u1eadp ti\u1ebfng c\u01b0\u1eddi.            <\/div>\n          <\/div>\n        <\/div>\n      <\/div>\n\n      <div class=\"base_layout\">\n        <div class=\"base-margin\">\n          <div class=\"__our_active__img\">\n            <div class=\"__our_active__item d-flex flex-wrap\">\n              <div class=\"item-large\">\n                <img decoding=\"async\"\n                  class=\"img-fluid __our_active_img_1\"\n                  src=\"https:\/\/llq.vn\/vi\/wp-content\/themes\/llq-theme-vi\/assets\/img\/active\/active1.png\"\n                  alt=\"Ho\u1ea1t \u0111\u1ed9ng tr\u1ea3i nghi\u1ec7m 1\" \/>\n              <\/div>\n              <div class=\"item-small\">\n                <img decoding=\"async\"\n                  class=\"img-fluid __our_active_img_2\"\n                  src=\"https:\/\/llq.vn\/vi\/wp-content\/uploads\/sites\/3\/2026\/02\/z6912797284225_573047756e08e3356b5a73f1a8d0798d-e1769445786514.jpg\"\n\n                  alt=\"Ho\u1ea1t \u0111\u1ed9ng tr\u1ea3i nghi\u1ec7m 2\" \/>\n              <\/div>\n              <div class=\"item-small\">\n                <img decoding=\"async\"\n                  class=\"img-fluid __our_active_img_3\"\n                  src=\"https:\/\/llq.vn\/vi\/wp-content\/uploads\/sites\/3\/2026\/02\/z6240842059805_a02002d18f722977cd5e4680cdc6e7dc-e1769445806423.jpg\"\n\n                  alt=\"Ho\u1ea1t \u0111\u1ed9ng tr\u1ea3i nghi\u1ec7m 3\" \/>\n              <\/div>\n            <\/div>\n\n            <div class=\"__our_active__item d-flex flex-wrap\">\n              <div class=\"order-lg-1 order-2 item-small\">\n                <img decoding=\"async\"\n                  class=\"img-fluid __our_active_img_4\"\n                  src=\"https:\/\/llq.vn\/vi\/wp-content\/uploads\/sites\/3\/2026\/02\/z5929675295113_9742840d93c5ed0320c0a14fea894f86.jpg\"\n\n                  alt=\"Ho\u1ea1t \u0111\u1ed9ng tr\u1ea3i nghi\u1ec7m 4\" \/>\n              <\/div>\n              <div class=\"order-lg-2 order-1 item-large\">\n                <img decoding=\"async\"\n                  class=\"img-fluid __our_active_img_5\"\n                  src=\"https:\/\/llq.vn\/vi\/wp-content\/uploads\/sites\/3\/2026\/02\/z6910629581065_4746f9f3c95e465f25eb36b23aae2179.jpg\"\n                  alt=\"Ho\u1ea1t \u0111\u1ed9ng tr\u1ea3i nghi\u1ec7m 5\" \/>\n              <\/div>\n              <div class=\"order-lg-3 order-3 item-small\">\n                <img decoding=\"async\"\n                  class=\"img-fluid __our_active_img_6\"\n                  src=\"https:\/\/llq.vn\/vi\/wp-content\/uploads\/sites\/3\/2026\/02\/z6917703295420_8cb510d863ab3b3cfe943811cf0c463c.jpg\"\n\n                  alt=\"Ho\u1ea1t \u0111\u1ed9ng tr\u1ea3i nghi\u1ec7m 6\" \/>\n              <\/div>\n            <\/div>\n\n            <div class=\"__our_active__item d-flex flex-wrap\">\n              <div class=\"item-large\">\n                <img decoding=\"async\"\n                  class=\"img-fluid __our_active_img_7\"\n                  src=\"https:\/\/llq.vn\/vi\/wp-content\/uploads\/sites\/3\/2026\/02\/IMG_3293-e1769445840395.jpg\"\n\n                  alt=\"Ho\u1ea1t \u0111\u1ed9ng tr\u1ea3i nghi\u1ec7m 7\" \/>\n              <\/div>\n              <div class=\"item-large\">\n                <img decoding=\"async\"\n                  class=\"img-fluid __our_active_img_8\"\n                  src=\"https:\/\/llq.vn\/vi\/wp-content\/uploads\/sites\/3\/2026\/02\/z5929675606704_71da728c53386615798db5a90e40f3ca.jpg\"\n\n                  alt=\"Ho\u1ea1t \u0111\u1ed9ng tr\u1ea3i nghi\u1ec7m 8\" \/>\n              <\/div>\n            <\/div>\n          <\/div>\n        <\/div>\n      <\/div>\n    <\/div>\n\n\n\n\n\t\t\t\t<\/div>\n\t\t\t\t<\/div>\n\t\t\t\t\t<\/div>\n\t\t\t\t<\/div>\n\t\t\t\t<\/div>\n\t\t","protected":false},"excerpt":{"rendered":"","protected":false},"author":1,"featured_media":0,"parent":0,"menu_order":0,"comment_status":"closed","ping_status":"closed","template":"","meta":{"footnotes":""},"class_list":["post-15","page","type-page","status-publish","hentry"],"_links":{"self":[{"href":"https:\/\/llq.vn\/vi\/wp-json\/wp\/v2\/pages\/15","targetHints":{"allow":["GET"]}}],"collection":[{"href":"https:\/\/llq.vn\/vi\/wp-json\/wp\/v2\/pages"}],"about":[{"href":"https:\/\/llq.vn\/vi\/wp-json\/wp\/v2\/types\/page"}],"author":[{"embeddable":true,"href":"https:\/\/llq.vn\/vi\/wp-json\/wp\/v2\/users\/1"}],"replies":[{"embeddable":true,"href":"https:\/\/llq.vn\/vi\/wp-json\/wp\/v2\/comments?post=15"}],"version-history":[{"count":20,"href":"https:\/\/llq.vn\/vi\/wp-json\/wp\/v2\/pages\/15\/revisions"}],"predecessor-version":[{"id":515,"href":"https:\/\/llq.vn\/vi\/wp-json\/wp\/v2\/pages\/15\/revisions\/515"}],"wp:attachment":[{"href":"https:\/\/llq.vn\/vi\/wp-json\/wp\/v2\/media?parent=15"}],"curies":[{"name":"wp","href":"https:\/\/api.w.org\/{rel}","templated":true}]}}