{"id":19,"date":"2026-02-06T07:57:07","date_gmt":"2026-02-06T07:57:07","guid":{"rendered":"https:\/\/llq.vn\/vi\/?page_id=19"},"modified":"2026-03-04T03:31:28","modified_gmt":"2026-03-04T03:31:28","slug":"lien-he","status":"publish","type":"page","link":"https:\/\/llq.vn\/vi\/lien-he\/","title":{"rendered":"Li\u00ean h\u1ec7"},"content":{"rendered":"\t\t<div data-elementor-type=\"wp-page\" data-elementor-id=\"19\" class=\"elementor elementor-19\">\n\t\t\t\t<div class=\"elementor-element elementor-element-bc1430f e-flex e-con-boxed e-con e-parent\" data-id=\"bc1430f\" data-element_type=\"container\">\n\t\t\t\t\t<div class=\"e-con-inner\">\n\t\t\t\t<div class=\"elementor-element elementor-element-6912166 elementor-widget elementor-widget-llq_contact_box\" data-id=\"6912166\" data-element_type=\"widget\" data-widget_type=\"llq_contact_box.default\">\n\t\t\t\t<div class=\"elementor-widget-container\">\n\t\t\t\t\t\n      <div class=\"banner__base\">\n\t\t  <div class=\"base-padding-column\"><\/div>\n        <div class=\"\">\n          <div class=\"base_layout\">\n            <div class=\"__call__global d-flex flex-column\">\n              <div class=\"d-flex flex-column __call_content\">\n                <div class=\"__call__header d-flex flex-column\">\n                  <h2\n                    class=\"__call_title title-base fw-semibold font-SemiBold text-center\"\n                    style=\"font-size: clamp(2rem, 5vw, 3.5rem); margin-bottom: 1rem;\"\n                    ><span class=\"banner__color\">K\u1ebft n\u1ed1i<\/span> v\u1edbi ch\u00fang t\u00f4i<\/h2\n                  >\n\n                  <span class=\"__call_description text-desc-2 font-Regular text-center\" style=\"font-size: clamp(1rem, 2.5vw, 1.5rem);\">\n                    \u0110\u1ed9i ng\u0169 L\u1ea1c Long Qu\u00e2n lu\u00f4n s\u1eb5n s\u00e0ng h\u1ed7 tr\u1ee3 v\u00e0 gi\u1ea3i \u0111\u00e1p m\u1ecdi th\u1eafc m\u1eafc c\u1ee7a qu\u00fd kh\u00e1ch                  <\/span>\n                <\/div>\n                <div class=\"__call__btn text-center d-block d-lg-none\">\n                  <a href=\"#\" class=\"btn base-button me-lg-3\">\n                    <span\n                      class=\"text-white text-uppercase fw-bold font-Bold  \"\n                      >\u1ee8ng tuy\u1ec3n ngay<\/span\n                    >\n                    <img decoding=\"async\" src=\"https:\/\/llq.vn\/vi\/wp-content\/themes\/llq-theme-vi\/assets\/svg\/contact.svg\" class=\"ms-2\" alt=\"\" \/>\n                  <\/a>\n                <\/div>\n              <\/div>\n              <div class=\"__call__info d-flex\">\n                <div class=\"__call-item d-flex\">\n                  <div class=\"__call-icon\">\n                    <img decoding=\"async\" src=\"https:\/\/llq.vn\/vi\/wp-content\/themes\/llq-theme-vi\/assets\/svg\/call_location.svg\" alt=\"Address\" \/>\n                  <\/div>\n                  <div class=\"__call-item__content d-flex flex-column\">\n                    <h3 class=\"__call-item__title fw-semibold font-SemiBold\">\n                      Tr\u1ee5 s\u1edf ch\u00ednh                    <\/h3>\n                    <div class=\"__call-item__description font-Regular\">\n                      T\u00f2a nh\u00e0 s\u1ed1 29 - B\u1ed9 Qu\u1ed1c ph\u00f2ng, s\u1ed1 73 \u0111\u01b0\u1eddng Nguy\u1ec5n Tr\u00e3i, H\u00e0 N\u1ed9i                    <\/div>\n                  <\/div>\n                <\/div>\n\t\t\t\t  <div class=\"__call-item d-flex\">\n                  <div class=\"__call-icon\">\n                    <img decoding=\"async\" src=\"https:\/\/llq.vn\/vi\/wp-content\/themes\/llq-theme-vi\/assets\/svg\/call_location.svg\" alt=\"Address\" \/>\n                  <\/div>\n                  <div class=\"__call-item__content d-flex flex-column\">\n                    <h3 class=\"__call-item__title fw-semibold font-SemiBold\">\n                      Trung t\u00e2m c\u00f4ng ngh\u1ec7                    <\/h3>\n                    <div class=\"__call-item__description font-Regular\">\n                      T\u00f2a nh\u00e0 s\u1ed1 29 - B\u1ed9 Qu\u1ed1c ph\u00f2ng, s\u1ed1 73 \u0111\u01b0\u1eddng Nguy\u1ec5n Tr\u00e3i, H\u00e0 N\u1ed9i                    <\/div>\n                  <\/div>\n                <\/div>\n                <div class=\"__call-item d-flex\">\n                  <div class=\"__call-icon\">\n                    <img decoding=\"async\" src=\"https:\/\/llq.vn\/vi\/wp-content\/themes\/llq-theme-vi\/assets\/svg\/call_email.svg\" alt=\"Email\" \/>\n                  <\/div>\n                  <div class=\"__call-item__content d-flex flex-column\">\n                    <h3 class=\"__call-item__title fw-semibold font-SemiBold\">\n                      Email                    <\/h3>\n                    <div class=\"__call-item__description font-Regular\">\n                      contact@llq.vn                    <\/div>\n                  <\/div>\n                <\/div>\n                <div class=\"__call-item d-flex\">\n                  <div class=\"__call-icon\">\n                    <img decoding=\"async\" src=\"https:\/\/llq.vn\/vi\/wp-content\/themes\/llq-theme-vi\/assets\/svg\/call_phone.svg\" alt=\"Hotline\" \/>\n                  <\/div>\n                  <div class=\"__call-item__content d-flex flex-column\">\n                    <h3 class=\"__call-item__title fw-semibold font-SemiBold\">\n                      Hotline                    <\/h3>\n                    <div class=\"__call-item__description font-Regular\">\n                      096 1689 001                    <\/div>\n                  <\/div>\n                <\/div>\n              <\/div>\n              <div class=\"__call__form d-flex\">\n                <div class=\"__call__form_img\">\n                  <img decoding=\"async\" src=\"https:\/\/llq.vn\/vi\/wp-content\/themes\/llq-theme-vi\/assets\/img\/contact\/contact_call.jpg\" alt=\"Form\" \/>\n                <\/div>\n               <div class=\"__call__form_content\">\n\t\t\t\t  <div class=\"__contact_form\">\n\t\t\t\t\t \n<div class=\"wpcf7 no-js\" id=\"wpcf7-f187-o1\" lang=\"vi\" dir=\"ltr\" data-wpcf7-id=\"187\">\n<div class=\"screen-reader-response\"><p role=\"status\" aria-live=\"polite\" aria-atomic=\"true\"><\/p> <ul><\/ul><\/div>\n<form action=\"\/vi\/wp-json\/wp\/v2\/pages\/19#wpcf7-f187-o1\" method=\"post\" class=\"wpcf7-form init\" aria-label=\"Form li\u00ean h\u1ec7\" novalidate=\"novalidate\" data-status=\"init\">\n<fieldset class=\"hidden-fields-container\"><input type=\"hidden\" name=\"_wpcf7\" value=\"187\" \/><input type=\"hidden\" name=\"_wpcf7_version\" value=\"6.1.4\" \/><input type=\"hidden\" name=\"_wpcf7_locale\" value=\"vi\" \/><input type=\"hidden\" name=\"_wpcf7_unit_tag\" value=\"wpcf7-f187-o1\" \/><input type=\"hidden\" name=\"_wpcf7_container_post\" value=\"0\" \/><input type=\"hidden\" name=\"_wpcf7_posted_data_hash\" value=\"\" \/><input type=\"hidden\" name=\"_wpcf7_recaptcha_response\" value=\"\" \/>\n<\/fieldset>\n<style>\n.hidden-submit {\n display: none !important;\n}\n\n.wpcf7 form,\n.wpcf7-form {\n width: 100% !important;\n}\n\n.wpcf7 p {\n margin: 0;\n}\n\n.wpcf7-form-control-wrap {\n display: block;\n width: 100%;\n}\n.__contact_form p {\n margin: 0 !important;\n padding: 0 !important;\n}\n\n.__contact_form br {\n display: none !important;\n}\n\n\n\n.__call__form_img img {\n width: 100%;\n height: 100%;\n object-fit: cover; \/* \u1ea3nh kh\u00f4ng m\u00e9o *\/\n}\ntextarea.__contact_input {\n height: 80px;\n}\n\n.wpcf7-spinner {\n display: none\n}\n\n@media(max-width: 768px){\n.wpcf7 {\n width: 100%;\n }\n}\n<\/style>\n<div class=\"__contact_form\">\n\t<h2 class=\"__contact_title title-base-lg-2 fw-semibold font-SemiBold\"><br \/>\nH\u00e3y b\u1eaft \u0111\u1ea7u d\u1ef1 \u00e1n c\u1ee7a b\u1ea1n\n\t<\/h2>\n\t<div class=\"__contact_form_content\">\n\t\t<div class=\"mb-3 me-lg-3\">\n\t\t\t<p><label class=\"form-label __contact_label fw-semibold font-SemiBold\"><br \/>\nT\u00ean c\u1ee7a b\u1ea1n (*)<br \/>\n<\/label><br \/>\n<span class=\"wpcf7-form-control-wrap\" data-name=\"text-name\"><input size=\"40\" maxlength=\"100\" minlength=\"2\" class=\"wpcf7-form-control wpcf7-text wpcf7-validates-as-required form-control __contact_input\" aria-required=\"true\" aria-invalid=\"false\" value=\"\" type=\"text\" name=\"text-name\" \/><\/span>\n\t\t\t<\/p>\n\t\t<\/div>\n\t\t<div class=\"mb-3 me-lg-3\">\n\t\t\t<p><label class=\"form-label __contact_label fw-semibold font-SemiBold\"><br \/>\nEmail doanh nghi\u1ec7p c\u1ee7a b\u1ea1n (*)<br \/>\n<\/label><br \/>\n<span class=\"wpcf7-form-control-wrap\" data-name=\"email-send\"><input size=\"40\" maxlength=\"400\" class=\"wpcf7-form-control wpcf7-email wpcf7-validates-as-required wpcf7-text wpcf7-validates-as-email form-control __contact_input\" aria-required=\"true\" aria-invalid=\"false\" value=\"\" type=\"email\" name=\"email-send\" \/><\/span>\n\t\t\t<\/p>\n\t\t<\/div>\n\t\t<div class=\"mb-3 me-lg-3\">\n\t\t\t<p><label class=\"form-label __contact_label fw-semibold font-SemiBold\"><br \/>\nS\u1ed1 \u0111i\u1ec7n tho\u1ea1i c\u1ee7a b\u1ea1n<br \/>\n<\/label><br \/>\n<span class=\"wpcf7-form-control-wrap\" data-name=\"tel-send\"><input size=\"40\" maxlength=\"12\" minlength=\"8\" class=\"wpcf7-form-control wpcf7-tel wpcf7-text wpcf7-validates-as-tel form-control __contact_input\" aria-invalid=\"false\" value=\"\" type=\"tel\" name=\"tel-send\" \/><\/span>\n\t\t\t<\/p>\n\t\t<\/div>\n\t\t<div class=\"mb-3 me-lg-3\">\n\t\t\t<p><label class=\"form-label __contact_label fw-semibold font-SemiBold\"><br \/>\nTh\u00f4ng \u0111i\u1ec7p c\u1ee7a b\u1ea1n g\u1eedi \u0111\u1ebfn ch\u00fang t\u00f4i<br \/>\n<\/label><br \/>\n<span class=\"wpcf7-form-control-wrap\" data-name=\"textarea-send\"><textarea cols=\"40\" rows=\"10\" maxlength=\"1000\" class=\"wpcf7-form-control wpcf7-textarea form-control __contact_input\" aria-invalid=\"false\" name=\"textarea-send\"><\/textarea><\/span>\n\t\t\t<\/p>\n\t\t<\/div>\n\t<\/div>\n<span class=\"wpcf7-form-control-wrap recaptcha\" data-name=\"recaptcha\"><span data-sitekey=\"6LernlIsAAAAANytV3_NG7DjYaLLaWzipy9Vu-1X\" class=\"wpcf7-form-control wpcf7-recaptcha g-recaptcha\"><\/span>\r\n<noscript>\r\n\t<div class=\"grecaptcha-noscript\">\r\n\t\t<iframe src=\"https:\/\/www.google.com\/recaptcha\/api\/fallback?k=6LernlIsAAAAANytV3_NG7DjYaLLaWzipy9Vu-1X\" frameborder=\"0\" scrolling=\"no\" width=\"310\" height=\"430\">\r\n\t\t<\/iframe>\r\n\t\t<textarea name=\"g-recaptcha-response\" rows=\"3\" cols=\"40\" placeholder=\"reCaptcha Response Here\">\r\n\t\t<\/textarea>\r\n\t<\/div>\r\n<\/noscript>\r\n<\/span>\n\t<div class=\"__contact_send_button d-flex justify-content-end\">\n\t\t<p><a href=\"#\" class=\"btn base-button me-lg-3 custom-submit-link\"><br \/>\n<span class=\"text-white text-uppercase fw-bold font-Bold\">G\u1eedi tin nh\u1eafn<\/span><br \/>\n<img decoding=\"async\" src=\"https:\/\/llq.vn\/wp-content\/themes\/llq-theme\/assets\/svg\/contact.svg\" class=\"ms-2\" alt=\"\" \/><br \/>\n<\/a><br \/>\n<input class=\"wpcf7-form-control wpcf7-submit has-spinner hidden-submit\" type=\"submit\" value=\"Send message\" \/>\n\t\t<\/p>\n\t<\/div>\n<\/div>\n<p><script>\ndocument.addEventListener('DOMContentLoaded', function() {\n const link = document.querySelector('.custom-submit-link');\n const submitBtn = document.querySelector('.hidden-submit');\n if (link && submitBtn) {\n link.addEventListener('click', function(e) {\n e.preventDefault();\n submitBtn.click();\n });\n }\n});\n<\/script>\n<\/p><div class=\"wpcf7-response-output\" aria-hidden=\"true\"><\/div>\n<\/form>\n<\/div>\n\t\t\t\t  <\/div>\n\t\t\t\t<\/div>\n              <\/div>\n            <\/div>\n          <\/div>\n        <\/div>\n      <\/div>\n\n       \n\t\t\t\t\t\t<\/div>\n\t\t\t\t<\/div>\n\t\t\t\t\t<\/div>\n\t\t\t\t<\/div>\n\t\t\t\t<\/div>\n\t\t","protected":false},"excerpt":{"rendered":"<p>K\u1ebft n\u1ed1i v\u1edbi ch\u00fang t\u00f4i \u0110\u1ed9i ng\u0169 L\u1ea1c Long Qu\u00e2n lu\u00f4n s\u1eb5n s\u00e0ng h\u1ed7 tr\u1ee3 v\u00e0 gi\u1ea3i \u0111\u00e1p m\u1ecdi th\u1eafc m\u1eafc c\u1ee7a qu\u00fd kh\u00e1ch \u1ee8ng tuy\u1ec3n ngay Tr\u1ee5 s\u1edf ch\u00ednh T\u00f2a nh\u00e0 s\u1ed1 29 &#8211; B\u1ed9 Qu\u1ed1c ph\u00f2ng, s\u1ed1 73 \u0111\u01b0\u1eddng Nguy\u1ec5n Tr\u00e3i, H\u00e0 N\u1ed9i Trung t\u00e2m c\u00f4ng ngh\u1ec7 T\u00f2a nh\u00e0 s\u1ed1 29 &#8211; B\u1ed9 [&hellip;]<\/p>\n","protected":false},"author":1,"featured_media":0,"parent":0,"menu_order":0,"comment_status":"closed","ping_status":"closed","template":"","meta":{"footnotes":""},"class_list":["post-19","page","type-page","status-publish","hentry"],"_links":{"self":[{"href":"https:\/\/llq.vn\/vi\/wp-json\/wp\/v2\/pages\/19","targetHints":{"allow":["GET"]}}],"collection":[{"href":"https:\/\/llq.vn\/vi\/wp-json\/wp\/v2\/pages"}],"about":[{"href":"https:\/\/llq.vn\/vi\/wp-json\/wp\/v2\/types\/page"}],"author":[{"embeddable":true,"href":"https:\/\/llq.vn\/vi\/wp-json\/wp\/v2\/users\/1"}],"replies":[{"embeddable":true,"href":"https:\/\/llq.vn\/vi\/wp-json\/wp\/v2\/comments?post=19"}],"version-history":[{"count":17,"href":"https:\/\/llq.vn\/vi\/wp-json\/wp\/v2\/pages\/19\/revisions"}],"predecessor-version":[{"id":518,"href":"https:\/\/llq.vn\/vi\/wp-json\/wp\/v2\/pages\/19\/revisions\/518"}],"wp:attachment":[{"href":"https:\/\/llq.vn\/vi\/wp-json\/wp\/v2\/media?parent=19"}],"curies":[{"name":"wp","href":"https:\/\/api.w.org\/{rel}","templated":true}]}}