{"id":27,"date":"2026-02-06T07:59:02","date_gmt":"2026-02-06T07:59:02","guid":{"rendered":"https:\/\/llq.vn\/vi\/?page_id=27"},"modified":"2026-03-04T08:51:32","modified_gmt":"2026-03-04T08:51:32","slug":"cong-nghe","status":"publish","type":"page","link":"https:\/\/llq.vn\/vi\/cong-nghe\/","title":{"rendered":"C\u00f4ng ngh\u1ec7"},"content":{"rendered":"\t\t<div data-elementor-type=\"wp-page\" data-elementor-id=\"27\" class=\"elementor elementor-27\">\n\t\t\t\t<div class=\"elementor-element elementor-element-608efef e-flex e-con-boxed e-con e-parent\" data-id=\"608efef\" data-element_type=\"container\">\n\t\t\t\t\t<div class=\"e-con-inner\">\n\t\t\t\t<div class=\"elementor-element elementor-element-16902f6 elementor-widget elementor-widget-llq_technology_box\" data-id=\"16902f6\" data-element_type=\"widget\" data-widget_type=\"llq_technology_box.default\">\n\t\t\t\t<div class=\"elementor-widget-container\">\n\t\t\t\t\t      \n      <div class=\"banner__base tech_banner\">\n        <div class=\"base_layout\">\n          <nav\n            style=\"--bs-breadcrumb-divider: '>'\"\n            class=\"base-margin base-breadcrumb\"\n            aria-label=\"breadcrumb\"\n          >\n            <ol class=\"breadcrumb\">\n              <li\n                class=\"breadcrumb-item breadcrumb-link font-Regular  active\"\n              >\n                <a href=\"\/vi\/\" class=\"text-decoration-none\"\n                  >Trang ch\u1ee7<\/a\n                >\n              <\/li>\n              <li\n                class=\"breadcrumb-item active breadcrumb-link font-Regular text-black\"\n                aria-current=\"page\"\n              >\n                C\u00f4ng ngh\u1ec7              <\/li>\n            <\/ol>\n          <\/nav>\n        <\/div>\n        <div class=\"base_layout\">\n          <div class=\"base-margin\">\n            <div class=\"banner__base__global d-flex\">\n              <div class=\"banner__base__header__left\">\n                <h2\n                  class=\"banner__base__title title-base-2 font-SemiBold fw-semibold\"\n                >\n                  H\u1ec7 sinh th\u00e1i c\u00f4ng ngh\u1ec7: <br \/>\n                  <span class=\"banner__color font-SemiBold\"\n                    >Th\u00e0nh c\u00f4ng c\u1ee7a b\u1ea1n b\u1eaft \u0111\u1ea7u t\u1eeb \u0111\u00e2y<\/span\n                  >\n                                  <\/h2>\n                <div class=\"banner__base__description text-desc font-Regular\">\n                  T\u1ea1i Lac Long Quan Software, ch\u00fang t\u00f4i n\u1eafm v\u1eefng c\u00e1c c\u00f4ng ngh\u1ec7 m\u1edbi nh\u1ea5t \u0111\u1ec3 x\u00e2y d\u1ef1ng c\u00e1c gi\u1ea3i ph\u00e1p s\u1ed1 b\u1ec1n v\u1eefng. T\u1eeb ph\u00e1t tri\u1ec3n \u1ee9ng d\u1ee5ng di \u0111\u1ed9ng v\u00e0 web \u0111\u1ebfn c\u00e1c h\u1ec7 th\u1ed1ng \u0111\u00e1m m\u00e2y ph\u1ee9c t\u1ea1p, \u0111\u1ed9i ng\u0169 k\u1ef9 s\u01b0 c\u1ee7a ch\u00fang t\u00f4i t\u00edch h\u1ee3p linh ho\u1ea1t c\u00e1c ng\u00f4n ng\u1eef v\u00e0 framework hi\u1ec7n \u0111\u1ea1i \u0111\u1ec3 t\u1ed1i \u0111a h\u00f3a hi\u1ec7u su\u1ea5t, b\u1ea3o m\u1eadt v\u00e0 kh\u1ea3 n\u0103ng m\u1edf r\u1ed9ng cho doanh nghi\u1ec7p c\u1ee7a b\u1ea1n.                <\/div>\n                <div class=\"banner__base__btn\">\n                  <a href=\"\/vi\/lien-he\" class=\"btn base-button\">\n                    <span class=\"text-uppercase text-white fw-bold font-Bold\"\n                      >Li\u00ean h\u1ec7 ch\u00fang t\u00f4i<\/span\n                    >\n                    <img decoding=\"async\" src=\"https:\/\/llq.vn\/vi\/wp-content\/themes\/llq-theme-vi\/assets\/svg\/contact.svg\" class=\"ms-2\" alt=\"\" \/>\n                  <\/a>\n                <\/div>\n              <\/div>\n              <div class=\"banner__base__header__right\">\n                <img decoding=\"async\" src=\"https:\/\/llq.vn\/vi\/wp-content\/themes\/llq-theme-vi\/assets\/img\/banner\/img_banner_tech1.jpg\" alt=\"\" \/>\n              <\/div>\n            <\/div>\n          <\/div>\n        <\/div>\n      <\/div>\n      <div class=\"base_layout\">\n        <div class=\"base-margin __technology__language\">\n          <h2 class=\"title-base fw-semibold font-SemiBold\"\n            >Tr\u00ed tu\u1ec7 nh\u00e2n t\u1ea1o<\/h2\n          >\n          <div class=\"d-flex __technology__language__list\">\n                      <div class=\"__technology__language__item\">\n              <img decoding=\"async\" src=\"https:\/\/llq.vn\/vi\/wp-content\/uploads\/sites\/3\/2026\/02\/anthropic.png\" alt=\"Logo 1\" \/>\n            <\/div>\n                      <div class=\"__technology__language__item\">\n              <img decoding=\"async\" src=\"https:\/\/llq.vn\/vi\/wp-content\/uploads\/sites\/3\/2026\/02\/Gemini_Generated_Image_nthq4tnthq4tnthq.png\" alt=\"Logo 2\" \/>\n            <\/div>\n                    <\/div>\n        <\/div>\n      <\/div>\n      <div class=\"base_layout\">\n        <div class=\"base-margin __technology__language\">\n          <h2 class=\"title-base fw-semibold font-SemiBold\"\n            >Robot<\/h2\n          >\n          <div class=\"d-flex __technology__language__list\">\n                      <div class=\"__technology__language__item\">\n              <img decoding=\"async\" src=\"https:\/\/llq.vn\/vi\/wp-content\/uploads\/sites\/3\/2026\/02\/arduino.png\" alt=\"Logo 1\" \/>\n            <\/div>\n                      <div class=\"__technology__language__item\">\n              <img decoding=\"async\" src=\"https:\/\/llq.vn\/vi\/wp-content\/uploads\/sites\/3\/2026\/02\/raspberrypi.png\" alt=\"\" \/>\n            <\/div>\n                      <div class=\"__technology__language__item\">\n              <img decoding=\"async\" src=\"https:\/\/llq.vn\/vi\/wp-content\/uploads\/sites\/3\/2026\/02\/Gemini_Generated_Image_ci9dm8ci9dm8ci9d.png\" alt=\"Logo 2\" \/>\n            <\/div>\n                    <\/div>\n        <\/div>\n      <\/div>\n      <div class=\"base_layout\">\n        <div class=\"base-margin __technology__language\">\n          <h2 class=\"title-base fw-semibold font-SemiBold\"\n            >Front-End<\/h2\n          >\n          <div class=\"d-flex __technology__language__list\">\n                      <div class=\"__technology__language__item\">\n              <img decoding=\"async\" src=\"https:\/\/llq.vn\/vi\/wp-content\/uploads\/sites\/3\/2026\/02\/angular.png\" alt=\"Logo 1\" \/>\n            <\/div>\n                      <div class=\"__technology__language__item\">\n              <img decoding=\"async\" src=\"https:\/\/llq.vn\/vi\/wp-content\/uploads\/sites\/3\/2026\/02\/flutter.png\" alt=\"Logo 2\" \/>\n            <\/div>\n                      <div class=\"__technology__language__item\">\n              <img decoding=\"async\" src=\"https:\/\/llq.vn\/vi\/wp-content\/uploads\/sites\/3\/2026\/02\/kotlin.png\" alt=\"\" \/>\n            <\/div>\n                      <div class=\"__technology__language__item\">\n              <img decoding=\"async\" src=\"https:\/\/llq.vn\/vi\/wp-content\/uploads\/sites\/3\/2026\/02\/React.png\" alt=\"\" \/>\n            <\/div>\n                      <div class=\"__technology__language__item\">\n              <img decoding=\"async\" src=\"https:\/\/llq.vn\/vi\/wp-content\/uploads\/sites\/3\/2026\/02\/react-native.png\" alt=\"\" \/>\n            <\/div>\n                    <\/div>\n        <\/div>\n      <\/div>\n     \n      <div class=\"base_layout\">\n        <div class=\"base-margin __technology__language\">\n          <h2 class=\"title-base fw-semibold font-SemiBold\"\n            >Back-End<\/h2\n          >\n          <div class=\"d-flex __technology__language__list\">\n                      <div class=\"__technology__language__item\">\n              <img decoding=\"async\" src=\"https:\/\/llq.vn\/vi\/wp-content\/uploads\/sites\/3\/2026\/02\/java.png\" alt=\"Logo 1\" \/>\n            <\/div>\n                      <div class=\"__technology__language__item\">\n              <img decoding=\"async\" src=\"https:\/\/llq.vn\/vi\/wp-content\/uploads\/sites\/3\/2026\/02\/node-js.png\" alt=\"Logo 2\" \/>\n            <\/div>\n                      <div class=\"__technology__language__item\">\n              <img decoding=\"async\" src=\"https:\/\/llq.vn\/vi\/wp-content\/uploads\/sites\/3\/2026\/02\/spring-boot.png\" alt=\"\" \/>\n            <\/div>\n                      <div class=\"__technology__language__item\">\n              <img decoding=\"async\" src=\"https:\/\/llq.vn\/vi\/wp-content\/uploads\/sites\/3\/2026\/02\/rest-api.png\" alt=\"\" \/>\n            <\/div>\n                      <div class=\"__technology__language__item\">\n              <img decoding=\"async\" src=\"https:\/\/llq.vn\/vi\/wp-content\/uploads\/sites\/3\/2026\/02\/net-core-1.png\" alt=\"\" \/>\n            <\/div>\n                    <\/div>\n        <\/div>\n      <\/div>\n      <div class=\"base_layout\">\n        <div class=\"base-margin __technology__language\">\n          <h2 class=\"title-base fw-semibold font-SemiBold\"\n            >C\u01a1 s\u1edf d\u1eef li\u1ec7u v\u00e0 c\u1ea5u h\u00ecnh h\u1ec7 th\u1ed1ng<\/h2\n          >\n          <div class=\"d-flex __technology__language__list\">\n                      <div class=\"__technology__language__item\">\n              <img decoding=\"async\" src=\"https:\/\/llq.vn\/vi\/wp-content\/uploads\/sites\/3\/2026\/02\/oracle-db.png\" alt=\"Logo 1\" \/>\n            <\/div>\n                      <div class=\"__technology__language__item\">\n              <img decoding=\"async\" src=\"https:\/\/llq.vn\/vi\/wp-content\/uploads\/sites\/3\/2026\/02\/maria-db.png\" alt=\"Logo 2\" \/>\n            <\/div>\n                      <div class=\"__technology__language__item\">\n              <img decoding=\"async\" src=\"https:\/\/llq.vn\/vi\/wp-content\/uploads\/sites\/3\/2026\/02\/mongo-db.png\" alt=\"\" \/>\n            <\/div>\n                      <div class=\"__technology__language__item\">\n              <img decoding=\"async\" src=\"https:\/\/llq.vn\/vi\/wp-content\/uploads\/sites\/3\/2026\/02\/redis.png\" alt=\"\" \/>\n            <\/div>\n                      <div class=\"__technology__language__item\">\n              <img decoding=\"async\" src=\"https:\/\/llq.vn\/vi\/wp-content\/uploads\/sites\/3\/2026\/02\/postgresql.png\" alt=\"\" \/>\n            <\/div>\n                      <div class=\"__technology__language__item\">\n              <img decoding=\"async\" src=\"https:\/\/llq.vn\/vi\/wp-content\/uploads\/sites\/3\/2026\/02\/sql-server.png\" alt=\"\" \/>\n            <\/div>\n                    <\/div>\n        <\/div>\n      <\/div>\n      <div class=\"base_layout\">\n        <div class=\"base-margin __technology__language\">\n          <h2 class=\"title-base fw-semibold font-SemiBold\"\n            >C\u00e1c c\u00f4ng ngh\u1ec7 kh\u00e1c<\/h2\n          >\n          <div class=\"d-flex __technology__language__list\">\n                        <div class=\"__technology__language__item\">\n              <img decoding=\"async\" src=\"https:\/\/llq.vn\/vi\/wp-content\/uploads\/sites\/3\/2026\/02\/apache-solr.png\" alt=\"Logo 1\" \/>\n            <\/div>\n                      <div class=\"__technology__language__item\">\n              <img decoding=\"async\" src=\"https:\/\/llq.vn\/vi\/wp-content\/uploads\/sites\/3\/2026\/02\/docker-swarm.png\" alt=\"Logo 2\" \/>\n            <\/div>\n                      <div class=\"__technology__language__item\">\n              <img decoding=\"async\" src=\"https:\/\/llq.vn\/vi\/wp-content\/uploads\/sites\/3\/2026\/02\/jsp.png\" alt=\"\" \/>\n            <\/div>\n                      <div class=\"__technology__language__item\">\n              <img decoding=\"async\" src=\"https:\/\/llq.vn\/vi\/wp-content\/uploads\/sites\/3\/2026\/02\/zookeeper.png\" alt=\"\" \/>\n            <\/div>\n                      <div class=\"__technology__language__item\">\n              <img decoding=\"async\" src=\"https:\/\/llq.vn\/vi\/wp-content\/uploads\/sites\/3\/2026\/02\/spring.png\" alt=\"\" \/>\n            <\/div>\n                      <div class=\"__technology__language__item\">\n              <img decoding=\"async\" src=\"https:\/\/llq.vn\/vi\/wp-content\/uploads\/sites\/3\/2026\/02\/JQuery.png\" alt=\"\" \/>\n            <\/div>\n                      <div class=\"__technology__language__item\">\n              <img decoding=\"async\" src=\"https:\/\/llq.vn\/vi\/wp-content\/uploads\/sites\/3\/2026\/02\/sharepoint-online.png\" alt=\"\" \/>\n            <\/div>\n                      <div class=\"__technology__language__item\">\n              <img decoding=\"async\" src=\"https:\/\/llq.vn\/vi\/wp-content\/uploads\/sites\/3\/2026\/02\/rabbitmq.png\" alt=\"\" \/>\n            <\/div>\n                      <div class=\"__technology__language__item\">\n              <img decoding=\"async\" src=\"https:\/\/llq.vn\/vi\/wp-content\/uploads\/sites\/3\/2026\/02\/apache-kafka.png\" alt=\"\" \/>\n            <\/div>\n                      <div class=\"__technology__language__item\">\n              <img decoding=\"async\" src=\"https:\/\/llq.vn\/vi\/wp-content\/uploads\/sites\/3\/2026\/02\/Selenium.png\" alt=\"\" \/>\n            <\/div>\n                      <div class=\"__technology__language__item\">\n              <img decoding=\"async\" src=\"https:\/\/llq.vn\/vi\/wp-content\/uploads\/sites\/3\/2026\/02\/appium.png\" alt=\"\" \/>\n            <\/div>\n                    <\/div>\n        <\/div>\n      <\/div>\n      <div class=\"base_layout\">\n        <div class=\"base-margin __send d-flex\">\n         <div class=\"__send__left\" style=\"background-image: url('https:\/\/llq.vn\/vi\/wp-content\/uploads\/sites\/3\/2026\/02\/contact_tech-1-scaled.jpg');\"><\/div>\n          <div class=\"__send__right\">\n             \n<div class=\"wpcf7 no-js\" id=\"wpcf7-f187-o1\" lang=\"vi\" dir=\"ltr\" data-wpcf7-id=\"187\">\n<div class=\"screen-reader-response\"><p role=\"status\" aria-live=\"polite\" aria-atomic=\"true\"><\/p> <ul><\/ul><\/div>\n<form action=\"\/vi\/wp-json\/wp\/v2\/pages\/27#wpcf7-f187-o1\" method=\"post\" class=\"wpcf7-form init\" aria-label=\"Form li\u00ean h\u1ec7\" novalidate=\"novalidate\" data-status=\"init\">\n<fieldset class=\"hidden-fields-container\"><input type=\"hidden\" name=\"_wpcf7\" value=\"187\" \/><input type=\"hidden\" name=\"_wpcf7_version\" value=\"6.1.4\" \/><input type=\"hidden\" name=\"_wpcf7_locale\" value=\"vi\" \/><input type=\"hidden\" name=\"_wpcf7_unit_tag\" value=\"wpcf7-f187-o1\" \/><input type=\"hidden\" name=\"_wpcf7_container_post\" value=\"0\" \/><input type=\"hidden\" name=\"_wpcf7_posted_data_hash\" value=\"\" \/><input type=\"hidden\" name=\"_wpcf7_recaptcha_response\" value=\"\" \/>\n<\/fieldset>\n<style>\n.hidden-submit {\n display: none !important;\n}\n\n.wpcf7 form,\n.wpcf7-form {\n width: 100% !important;\n}\n\n.wpcf7 p {\n margin: 0;\n}\n\n.wpcf7-form-control-wrap {\n display: block;\n width: 100%;\n}\n.__contact_form p {\n margin: 0 !important;\n padding: 0 !important;\n}\n\n.__contact_form br {\n display: none !important;\n}\n\n\n\n.__call__form_img img {\n width: 100%;\n height: 100%;\n object-fit: cover; \/* \u1ea3nh kh\u00f4ng m\u00e9o *\/\n}\ntextarea.__contact_input {\n height: 80px;\n}\n\n.wpcf7-spinner {\n display: none\n}\n\n@media(max-width: 768px){\n.wpcf7 {\n width: 100%;\n }\n}\n<\/style>\n<div class=\"__contact_form\">\n\t<h2 class=\"__contact_title title-base-lg-2 fw-semibold font-SemiBold\"><br \/>\nH\u00e3y b\u1eaft \u0111\u1ea7u d\u1ef1 \u00e1n c\u1ee7a b\u1ea1n\n\t<\/h2>\n\t<div class=\"__contact_form_content\">\n\t\t<div class=\"mb-3 me-lg-3\">\n\t\t\t<p><label class=\"form-label __contact_label fw-semibold font-SemiBold\"><br \/>\nT\u00ean c\u1ee7a b\u1ea1n (*)<br \/>\n<\/label><br \/>\n<span class=\"wpcf7-form-control-wrap\" data-name=\"text-name\"><input size=\"40\" maxlength=\"100\" minlength=\"2\" class=\"wpcf7-form-control wpcf7-text wpcf7-validates-as-required form-control __contact_input\" aria-required=\"true\" aria-invalid=\"false\" value=\"\" type=\"text\" name=\"text-name\" \/><\/span>\n\t\t\t<\/p>\n\t\t<\/div>\n\t\t<div class=\"mb-3 me-lg-3\">\n\t\t\t<p><label class=\"form-label __contact_label fw-semibold font-SemiBold\"><br \/>\nEmail doanh nghi\u1ec7p c\u1ee7a b\u1ea1n (*)<br \/>\n<\/label><br \/>\n<span class=\"wpcf7-form-control-wrap\" data-name=\"email-send\"><input size=\"40\" maxlength=\"400\" class=\"wpcf7-form-control wpcf7-email wpcf7-validates-as-required wpcf7-text wpcf7-validates-as-email form-control __contact_input\" aria-required=\"true\" aria-invalid=\"false\" value=\"\" type=\"email\" name=\"email-send\" \/><\/span>\n\t\t\t<\/p>\n\t\t<\/div>\n\t\t<div class=\"mb-3 me-lg-3\">\n\t\t\t<p><label class=\"form-label __contact_label fw-semibold font-SemiBold\"><br \/>\nS\u1ed1 \u0111i\u1ec7n tho\u1ea1i c\u1ee7a b\u1ea1n<br \/>\n<\/label><br \/>\n<span class=\"wpcf7-form-control-wrap\" data-name=\"tel-send\"><input size=\"40\" maxlength=\"12\" minlength=\"8\" class=\"wpcf7-form-control wpcf7-tel wpcf7-text wpcf7-validates-as-tel form-control __contact_input\" aria-invalid=\"false\" value=\"\" type=\"tel\" name=\"tel-send\" \/><\/span>\n\t\t\t<\/p>\n\t\t<\/div>\n\t\t<div class=\"mb-3 me-lg-3\">\n\t\t\t<p><label class=\"form-label __contact_label fw-semibold font-SemiBold\"><br \/>\nTh\u00f4ng \u0111i\u1ec7p c\u1ee7a b\u1ea1n g\u1eedi \u0111\u1ebfn ch\u00fang t\u00f4i<br \/>\n<\/label><br \/>\n<span class=\"wpcf7-form-control-wrap\" data-name=\"textarea-send\"><textarea cols=\"40\" rows=\"10\" maxlength=\"1000\" class=\"wpcf7-form-control wpcf7-textarea form-control __contact_input\" aria-invalid=\"false\" name=\"textarea-send\"><\/textarea><\/span>\n\t\t\t<\/p>\n\t\t<\/div>\n\t<\/div>\n<span class=\"wpcf7-form-control-wrap recaptcha\" data-name=\"recaptcha\"><span data-sitekey=\"6LernlIsAAAAANytV3_NG7DjYaLLaWzipy9Vu-1X\" class=\"wpcf7-form-control wpcf7-recaptcha g-recaptcha\"><\/span>\r\n<noscript>\r\n\t<div class=\"grecaptcha-noscript\">\r\n\t\t<iframe src=\"https:\/\/www.google.com\/recaptcha\/api\/fallback?k=6LernlIsAAAAANytV3_NG7DjYaLLaWzipy9Vu-1X\" frameborder=\"0\" scrolling=\"no\" width=\"310\" height=\"430\">\r\n\t\t<\/iframe>\r\n\t\t<textarea name=\"g-recaptcha-response\" rows=\"3\" cols=\"40\" placeholder=\"reCaptcha Response Here\">\r\n\t\t<\/textarea>\r\n\t<\/div>\r\n<\/noscript>\r\n<\/span>\n\t<div class=\"__contact_send_button d-flex justify-content-end\">\n\t\t<p><a href=\"#\" class=\"btn base-button me-lg-3 custom-submit-link\"><br \/>\n<span class=\"text-white text-uppercase fw-bold font-Bold\">G\u1eedi tin nh\u1eafn<\/span><br \/>\n<img decoding=\"async\" src=\"https:\/\/llq.vn\/wp-content\/themes\/llq-theme\/assets\/svg\/contact.svg\" class=\"ms-2\" alt=\"\" \/><br \/>\n<\/a><br \/>\n<input class=\"wpcf7-form-control wpcf7-submit has-spinner hidden-submit\" type=\"submit\" value=\"Send message\" \/>\n\t\t<\/p>\n\t<\/div>\n<\/div>\n<p><script>\ndocument.addEventListener('DOMContentLoaded', function() {\n const link = document.querySelector('.custom-submit-link');\n const submitBtn = document.querySelector('.hidden-submit');\n if (link && submitBtn) {\n link.addEventListener('click', function(e) {\n e.preventDefault();\n submitBtn.click();\n });\n }\n});\n<\/script>\n<\/p><div class=\"wpcf7-response-output\" aria-hidden=\"true\"><\/div>\n<\/form>\n<\/div>\n          <\/div>\n        <\/div>\n      <\/div>\n\t\t\t\t\t\t<\/div>\n\t\t\t\t<\/div>\n\t\t\t\t\t<\/div>\n\t\t\t\t<\/div>\n\t\t\t\t<\/div>\n\t\t","protected":false},"excerpt":{"rendered":"","protected":false},"author":1,"featured_media":0,"parent":0,"menu_order":0,"comment_status":"closed","ping_status":"closed","template":"","meta":{"footnotes":""},"class_list":["post-27","page","type-page","status-publish","hentry"],"_links":{"self":[{"href":"https:\/\/llq.vn\/vi\/wp-json\/wp\/v2\/pages\/27","targetHints":{"allow":["GET"]}}],"collection":[{"href":"https:\/\/llq.vn\/vi\/wp-json\/wp\/v2\/pages"}],"about":[{"href":"https:\/\/llq.vn\/vi\/wp-json\/wp\/v2\/types\/page"}],"author":[{"embeddable":true,"href":"https:\/\/llq.vn\/vi\/wp-json\/wp\/v2\/users\/1"}],"replies":[{"embeddable":true,"href":"https:\/\/llq.vn\/vi\/wp-json\/wp\/v2\/comments?post=27"}],"version-history":[{"count":20,"href":"https:\/\/llq.vn\/vi\/wp-json\/wp\/v2\/pages\/27\/revisions"}],"predecessor-version":[{"id":526,"href":"https:\/\/llq.vn\/vi\/wp-json\/wp\/v2\/pages\/27\/revisions\/526"}],"wp:attachment":[{"href":"https:\/\/llq.vn\/vi\/wp-json\/wp\/v2\/media?parent=27"}],"curies":[{"name":"wp","href":"https:\/\/api.w.org\/{rel}","templated":true}]}}